{"id":1157,"date":"2023-06-13T15:27:19","date_gmt":"2023-06-13T13:27:19","guid":{"rendered":"https:\/\/seonghyeonleem.com\/ueber-mich\/"},"modified":"2026-03-11T10:12:53","modified_gmt":"2026-03-11T09:12:53","slug":"about-me","status":"publish","type":"page","link":"https:\/\/seonghyeonleem.com\/en\/about-me\/","title":{"rendered":"About me"},"content":{"rendered":"\t\t<div data-elementor-type=\"wp-page\" data-elementor-id=\"1157\" class=\"elementor elementor-1157 elementor-219\" data-elementor-settings=\"{&quot;ha_cmc_init_switcher&quot;:&quot;no&quot;}\" data-elementor-post-type=\"page\">\n\t\t\t\t\t\t<section class=\"elementor-section elementor-top-section elementor-element elementor-element-b4ca571 elementor-section-boxed elementor-section-height-default elementor-section-height-default\" data-id=\"b4ca571\" data-element_type=\"section\" data-e-type=\"section\" data-settings=\"{&quot;_ha_eqh_enable&quot;:false}\">\n\t\t\t\t\t\t<div class=\"elementor-container elementor-column-gap-no\">\n\t\t\t\t\t<div class=\"elementor-column elementor-col-100 elementor-top-column elementor-element elementor-element-3c1c559\" data-id=\"3c1c559\" data-element_type=\"column\" data-e-type=\"column\">\n\t\t\t<div class=\"elementor-widget-wrap elementor-element-populated\">\n\t\t\t\t\t\t<div class=\"elementor-element elementor-element-0393b64 elementor-widget elementor-widget-image\" data-id=\"0393b64\" data-element_type=\"widget\" data-e-type=\"widget\" data-widget_type=\"image.default\">\n\t\t\t\t<div class=\"elementor-widget-container\">\n\t\t\t\t\t\t\t\t\t\t\t\t\t\t\t<img fetchpriority=\"high\" decoding=\"async\" width=\"1210\" height=\"743\" src=\"https:\/\/seonghyeonleem.com\/wp-content\/uploads\/2023\/06\/Seonghyeon-Leem-playing-Credit-Minhojungmin.jpg\" class=\"attachment-full size-full wp-image-1106\" alt=\"\" srcset=\"https:\/\/seonghyeonleem.com\/wp-content\/uploads\/2023\/06\/Seonghyeon-Leem-playing-Credit-Minhojungmin.jpg 1210w, https:\/\/seonghyeonleem.com\/wp-content\/uploads\/2023\/06\/Seonghyeon-Leem-playing-Credit-Minhojungmin-300x184.jpg 300w, https:\/\/seonghyeonleem.com\/wp-content\/uploads\/2023\/06\/Seonghyeon-Leem-playing-Credit-Minhojungmin-1024x629.jpg 1024w, https:\/\/seonghyeonleem.com\/wp-content\/uploads\/2023\/06\/Seonghyeon-Leem-playing-Credit-Minhojungmin-768x472.jpg 768w\" sizes=\"(max-width: 1210px) 100vw, 1210px\" \/>\t\t\t\t\t\t\t\t\t\t\t\t\t\t\t<\/div>\n\t\t\t\t<\/div>\n\t\t\t\t<div class=\"elementor-element elementor-element-b95f812 elementor-widget elementor-widget-text-editor\" data-id=\"b95f812\" data-element_type=\"widget\" data-e-type=\"widget\" data-widget_type=\"text-editor.default\">\n\t\t\t\t<div class=\"elementor-widget-container\">\n\t\t\t\t\t\t\t\t\t<p>\u00bbElegance, intelligence, and pianistic beauty.\u00ab<\/p>\t\t\t\t\t\t\t\t<\/div>\n\t\t\t\t<\/div>\n\t\t\t\t<div class=\"elementor-element elementor-element-8b89fd5 elementor-widget elementor-widget-text-editor\" data-id=\"8b89fd5\" data-element_type=\"widget\" data-e-type=\"widget\" data-widget_type=\"text-editor.default\">\n\t\t\t\t<div class=\"elementor-widget-container\">\n\t\t\t\t\t\t\t\t\t<p>bachtrack<\/p>\t\t\t\t\t\t\t\t<\/div>\n\t\t\t\t<\/div>\n\t\t\t\t\t<\/div>\n\t\t<\/div>\n\t\t\t\t\t<\/div>\n\t\t<\/section>\n\t\t\t\t<section class=\"elementor-section elementor-top-section elementor-element elementor-element-b9e140c elementor-section-boxed elementor-section-height-default elementor-section-height-default\" data-id=\"b9e140c\" data-element_type=\"section\" data-e-type=\"section\" data-settings=\"{&quot;_ha_eqh_enable&quot;:false}\">\n\t\t\t\t\t\t<div class=\"elementor-container elementor-column-gap-default\">\n\t\t\t\t\t<div class=\"elementor-column elementor-col-100 elementor-top-column elementor-element elementor-element-c7ef58a\" data-id=\"c7ef58a\" data-element_type=\"column\" data-e-type=\"column\">\n\t\t\t<div class=\"elementor-widget-wrap elementor-element-populated\">\n\t\t\t\t\t\t<div class=\"elementor-element elementor-element-a800f24 elementor-widget-divider--view-line elementor-widget elementor-widget-divider\" data-id=\"a800f24\" data-element_type=\"widget\" data-e-type=\"widget\" data-widget_type=\"divider.default\">\n\t\t\t\t<div class=\"elementor-widget-container\">\n\t\t\t\t\t\t\t<div class=\"elementor-divider\">\n\t\t\t<span class=\"elementor-divider-separator\">\n\t\t\t\t\t\t<\/span>\n\t\t<\/div>\n\t\t\t\t\t\t<\/div>\n\t\t\t\t<\/div>\n\t\t\t\t<div class=\"elementor-element elementor-element-ad48e93 elementor-widget elementor-widget-heading\" data-id=\"ad48e93\" data-element_type=\"widget\" data-e-type=\"widget\" data-widget_type=\"heading.default\">\n\t\t\t\t<div class=\"elementor-widget-container\">\n\t\t\t\t\t<h1 class=\"elementor-heading-title elementor-size-default\"><a href=\"https:\/\/seonghyeonleem.com\/en\/\">Biography Download<\/a><\/h1>\t\t\t\t<\/div>\n\t\t\t\t<\/div>\n\t\t\t\t<section class=\"elementor-section elementor-inner-section elementor-element elementor-element-3050c5d elementor-section-boxed elementor-section-height-default elementor-section-height-default\" data-id=\"3050c5d\" data-element_type=\"section\" data-e-type=\"section\" data-settings=\"{&quot;_ha_eqh_enable&quot;:false}\">\n\t\t\t\t\t\t<div class=\"elementor-container elementor-column-gap-extended\">\n\t\t\t\t\t<div class=\"elementor-column elementor-col-25 elementor-inner-column elementor-element elementor-element-432c1a1\" data-id=\"432c1a1\" data-element_type=\"column\" data-e-type=\"column\">\n\t\t\t<div class=\"elementor-widget-wrap elementor-element-populated\">\n\t\t\t\t\t\t<div class=\"elementor-element elementor-element-1b983eb elementor-align-justify elementor-widget elementor-widget-button\" data-id=\"1b983eb\" data-element_type=\"widget\" data-e-type=\"widget\" data-widget_type=\"button.default\">\n\t\t\t\t<div class=\"elementor-widget-container\">\n\t\t\t\t\t\t\t\t\t<div class=\"elementor-button-wrapper\">\n\t\t\t\t\t<a class=\"elementor-button elementor-button-link elementor-size-md\" href=\"https:\/\/seonghyeonleem.com\/wp-content\/uploads\/2026\/03\/Biographie_Deutsch_Seonghyeon-Leem_March-2026.pdf\" target=\"_blank\">\n\t\t\t\t\t\t<span class=\"elementor-button-content-wrapper\">\n\t\t\t\t\t\t\t\t\t<span class=\"elementor-button-text\">Deutsch<\/span>\n\t\t\t\t\t<\/span>\n\t\t\t\t\t<\/a>\n\t\t\t\t<\/div>\n\t\t\t\t\t\t\t\t<\/div>\n\t\t\t\t<\/div>\n\t\t\t\t\t<\/div>\n\t\t<\/div>\n\t\t\t\t<div class=\"elementor-column elementor-col-25 elementor-inner-column elementor-element elementor-element-0f79dc2\" data-id=\"0f79dc2\" data-element_type=\"column\" data-e-type=\"column\">\n\t\t\t<div class=\"elementor-widget-wrap elementor-element-populated\">\n\t\t\t\t\t\t<div class=\"elementor-element elementor-element-93e105c elementor-align-justify elementor-widget elementor-widget-button\" data-id=\"93e105c\" data-element_type=\"widget\" data-e-type=\"widget\" data-widget_type=\"button.default\">\n\t\t\t\t<div class=\"elementor-widget-container\">\n\t\t\t\t\t\t\t\t\t<div class=\"elementor-button-wrapper\">\n\t\t\t\t\t<a class=\"elementor-button elementor-button-link elementor-size-md\" href=\"https:\/\/seonghyeonleem.com\/wp-content\/uploads\/2026\/03\/Biography_English_Seonghyeon-Leem_March-2026.pdf\" target=\"_blank\">\n\t\t\t\t\t\t<span class=\"elementor-button-content-wrapper\">\n\t\t\t\t\t\t\t\t\t<span class=\"elementor-button-text\">English<\/span>\n\t\t\t\t\t<\/span>\n\t\t\t\t\t<\/a>\n\t\t\t\t<\/div>\n\t\t\t\t\t\t\t\t<\/div>\n\t\t\t\t<\/div>\n\t\t\t\t\t<\/div>\n\t\t<\/div>\n\t\t\t\t<div class=\"elementor-column elementor-col-25 elementor-inner-column elementor-element elementor-element-8aa47e1\" data-id=\"8aa47e1\" data-element_type=\"column\" data-e-type=\"column\">\n\t\t\t<div class=\"elementor-widget-wrap elementor-element-populated\">\n\t\t\t\t\t\t<div class=\"elementor-element elementor-element-1693a3f elementor-align-justify elementor-widget elementor-widget-button\" data-id=\"1693a3f\" data-element_type=\"widget\" data-e-type=\"widget\" data-widget_type=\"button.default\">\n\t\t\t\t<div class=\"elementor-widget-container\">\n\t\t\t\t\t\t\t\t\t<div class=\"elementor-button-wrapper\">\n\t\t\t\t\t<a class=\"elementor-button elementor-button-link elementor-size-md\" href=\"https:\/\/seonghyeonleem.com\/wp-content\/uploads\/2026\/03\/Biography_French_Seonghyeon-Leem_March-2026.pdf\" target=\"_blank\">\n\t\t\t\t\t\t<span class=\"elementor-button-content-wrapper\">\n\t\t\t\t\t\t\t\t\t<span class=\"elementor-button-text\">French<\/span>\n\t\t\t\t\t<\/span>\n\t\t\t\t\t<\/a>\n\t\t\t\t<\/div>\n\t\t\t\t\t\t\t\t<\/div>\n\t\t\t\t<\/div>\n\t\t\t\t\t<\/div>\n\t\t<\/div>\n\t\t\t\t<div class=\"elementor-column elementor-col-25 elementor-inner-column elementor-element elementor-element-d58f068\" data-id=\"d58f068\" data-element_type=\"column\" data-e-type=\"column\">\n\t\t\t<div class=\"elementor-widget-wrap elementor-element-populated\">\n\t\t\t\t\t\t<div class=\"elementor-element elementor-element-0cebe50 elementor-align-justify elementor-widget elementor-widget-button\" data-id=\"0cebe50\" data-element_type=\"widget\" data-e-type=\"widget\" data-widget_type=\"button.default\">\n\t\t\t\t<div class=\"elementor-widget-container\">\n\t\t\t\t\t\t\t\t\t<div class=\"elementor-button-wrapper\">\n\t\t\t\t\t<a class=\"elementor-button elementor-button-link elementor-size-md\" href=\"https:\/\/seonghyeonleem.com\/wp-content\/uploads\/2026\/03\/Biography_Korean_Seonghyeon-Leem_March-2026.pdf\" target=\"_blank\">\n\t\t\t\t\t\t<span class=\"elementor-button-content-wrapper\">\n\t\t\t\t\t\t\t\t\t<span class=\"elementor-button-text\">Korean<\/span>\n\t\t\t\t\t<\/span>\n\t\t\t\t\t<\/a>\n\t\t\t\t<\/div>\n\t\t\t\t\t\t\t\t<\/div>\n\t\t\t\t<\/div>\n\t\t\t\t\t<\/div>\n\t\t<\/div>\n\t\t\t\t\t<\/div>\n\t\t<\/section>\n\t\t\t\t<section class=\"elementor-section elementor-inner-section elementor-element elementor-element-7cb395f elementor-hidden-desktop elementor-hidden-tablet elementor-hidden-mobile elementor-section-boxed elementor-section-height-default elementor-section-height-default\" data-id=\"7cb395f\" data-element_type=\"section\" data-e-type=\"section\" data-settings=\"{&quot;_ha_eqh_enable&quot;:false}\">\n\t\t\t\t\t\t<div class=\"elementor-container elementor-column-gap-extended\">\n\t\t\t\t\t<div class=\"elementor-column elementor-col-25 elementor-inner-column elementor-element elementor-element-3244660\" data-id=\"3244660\" data-element_type=\"column\" data-e-type=\"column\">\n\t\t\t<div class=\"elementor-widget-wrap elementor-element-populated\">\n\t\t\t\t\t\t<div class=\"elementor-element elementor-element-9ad42cb elementor-align-justify elementor-widget elementor-widget-button\" data-id=\"9ad42cb\" data-element_type=\"widget\" data-e-type=\"widget\" data-widget_type=\"button.default\">\n\t\t\t\t<div class=\"elementor-widget-container\">\n\t\t\t\t\t\t\t\t\t<div class=\"elementor-button-wrapper\">\n\t\t\t\t\t<a class=\"elementor-button elementor-button-link elementor-size-md\" href=\"https:\/\/seonghyeonleem.com\/wp-content\/uploads\/2023\/07\/Seonghyeon-Leem-Biographie-deutsch-Juli-2023.pdf\" target=\"_blank\">\n\t\t\t\t\t\t<span class=\"elementor-button-content-wrapper\">\n\t\t\t\t\t\t\t\t\t<span class=\"elementor-button-text\">Deutsch<\/span>\n\t\t\t\t\t<\/span>\n\t\t\t\t\t<\/a>\n\t\t\t\t<\/div>\n\t\t\t\t\t\t\t\t<\/div>\n\t\t\t\t<\/div>\n\t\t\t\t\t<\/div>\n\t\t<\/div>\n\t\t\t\t<div class=\"elementor-column elementor-col-25 elementor-inner-column elementor-element elementor-element-0a38c6c\" data-id=\"0a38c6c\" data-element_type=\"column\" data-e-type=\"column\">\n\t\t\t<div class=\"elementor-widget-wrap elementor-element-populated\">\n\t\t\t\t\t\t<div class=\"elementor-element elementor-element-4ae18bb elementor-align-justify elementor-widget elementor-widget-button\" data-id=\"4ae18bb\" data-element_type=\"widget\" data-e-type=\"widget\" data-widget_type=\"button.default\">\n\t\t\t\t<div class=\"elementor-widget-container\">\n\t\t\t\t\t\t\t\t\t<div class=\"elementor-button-wrapper\">\n\t\t\t\t\t<a class=\"elementor-button elementor-button-link elementor-size-md\" href=\"https:\/\/seonghyeonleem.com\/wp-content\/uploads\/2023\/07\/Seonghyeon-Leem-Biography-english-July-2023.pdf\" target=\"_blank\">\n\t\t\t\t\t\t<span class=\"elementor-button-content-wrapper\">\n\t\t\t\t\t\t\t\t\t<span class=\"elementor-button-text\">English<\/span>\n\t\t\t\t\t<\/span>\n\t\t\t\t\t<\/a>\n\t\t\t\t<\/div>\n\t\t\t\t\t\t\t\t<\/div>\n\t\t\t\t<\/div>\n\t\t\t\t\t<\/div>\n\t\t<\/div>\n\t\t\t\t<div class=\"elementor-column elementor-col-25 elementor-inner-column elementor-element elementor-element-3c7b3af\" data-id=\"3c7b3af\" data-element_type=\"column\" data-e-type=\"column\">\n\t\t\t<div class=\"elementor-widget-wrap elementor-element-populated\">\n\t\t\t\t\t\t<div class=\"elementor-element elementor-element-1d7950d elementor-align-justify elementor-widget elementor-widget-button\" data-id=\"1d7950d\" data-element_type=\"widget\" data-e-type=\"widget\" data-widget_type=\"button.default\">\n\t\t\t\t<div class=\"elementor-widget-container\">\n\t\t\t\t\t\t\t\t\t<div class=\"elementor-button-wrapper\">\n\t\t\t\t\t<a class=\"elementor-button elementor-button-link elementor-size-md\" href=\"#\">\n\t\t\t\t\t\t<span class=\"elementor-button-content-wrapper\">\n\t\t\t\t\t\t\t\t\t<span class=\"elementor-button-text\">Fran\u00e7ais<\/span>\n\t\t\t\t\t<\/span>\n\t\t\t\t\t<\/a>\n\t\t\t\t<\/div>\n\t\t\t\t\t\t\t\t<\/div>\n\t\t\t\t<\/div>\n\t\t\t\t\t<\/div>\n\t\t<\/div>\n\t\t\t\t<div class=\"elementor-column elementor-col-25 elementor-inner-column elementor-element elementor-element-f62a37a\" data-id=\"f62a37a\" data-element_type=\"column\" data-e-type=\"column\">\n\t\t\t<div class=\"elementor-widget-wrap elementor-element-populated\">\n\t\t\t\t\t\t<div class=\"elementor-element elementor-element-badff8a elementor-align-justify elementor-widget elementor-widget-button\" data-id=\"badff8a\" data-element_type=\"widget\" data-e-type=\"widget\" data-widget_type=\"button.default\">\n\t\t\t\t<div class=\"elementor-widget-container\">\n\t\t\t\t\t\t\t\t\t<div class=\"elementor-button-wrapper\">\n\t\t\t\t\t<a class=\"elementor-button elementor-button-link elementor-size-md\" href=\"#\">\n\t\t\t\t\t\t<span class=\"elementor-button-content-wrapper\">\n\t\t\t\t\t\t\t\t\t<span class=\"elementor-button-text\">\ud55c\uad6d\uc5b4<\/span>\n\t\t\t\t\t<\/span>\n\t\t\t\t\t<\/a>\n\t\t\t\t<\/div>\n\t\t\t\t\t\t\t\t<\/div>\n\t\t\t\t<\/div>\n\t\t\t\t\t<\/div>\n\t\t<\/div>\n\t\t\t\t\t<\/div>\n\t\t<\/section>\n\t\t\t\t<div class=\"elementor-element elementor-element-19c8d54 elementor-widget-divider--view-line elementor-widget elementor-widget-divider\" data-id=\"19c8d54\" data-element_type=\"widget\" data-e-type=\"widget\" data-widget_type=\"divider.default\">\n\t\t\t\t<div class=\"elementor-widget-container\">\n\t\t\t\t\t\t\t<div class=\"elementor-divider\">\n\t\t\t<span class=\"elementor-divider-separator\">\n\t\t\t\t\t\t<\/span>\n\t\t<\/div>\n\t\t\t\t\t\t<\/div>\n\t\t\t\t<\/div>\n\t\t\t\t\t<\/div>\n\t\t<\/div>\n\t\t\t\t\t<\/div>\n\t\t<\/section>\n\t\t\t\t<section class=\"elementor-section elementor-top-section elementor-element elementor-element-b51de26 elementor-section-boxed elementor-section-height-default elementor-section-height-default\" data-id=\"b51de26\" data-element_type=\"section\" data-e-type=\"section\" data-settings=\"{&quot;_ha_eqh_enable&quot;:false}\">\n\t\t\t\t\t\t<div class=\"elementor-container elementor-column-gap-default\">\n\t\t\t\t\t<div class=\"elementor-column elementor-col-100 elementor-top-column elementor-element elementor-element-3252574\" data-id=\"3252574\" data-element_type=\"column\" data-e-type=\"column\">\n\t\t\t<div class=\"elementor-widget-wrap elementor-element-populated\">\n\t\t\t\t\t\t<div class=\"elementor-element elementor-element-b07a5bd elementor-widget elementor-widget-text-editor\" data-id=\"b07a5bd\" data-element_type=\"widget\" data-e-type=\"widget\" data-widget_type=\"text-editor.default\">\n\t\t\t\t<div class=\"elementor-widget-container\">\n\t\t\t\t\t\t\t\t\t<p>South Korean pianist Seonghyeon Leem is establishing a reputation as one of the most captivating musicians of her generation. She made her European debut at the Mozarthaus Konzertsaal in Vienna and has since performed at prestigious venues including the Salzburger Festspiele, Salle Cortot in Paris, Arsenal in Metz, Palais des Beaux-Arts in Brussels, and on MDR Television in Leipzig. Her recent engagements encompass solo recitals and concerto appearances throughout Germany, France, Austria, Belgium, Poland, Hungary, the United Kingdom, T\u00fcrkiye, China, South Korea, and beyond.<\/p><p>Leem is the First Prize winner of the 2022 International Piano Competition Istanbul Orchestra\u2019Sion and recipient of the 2023 International Pro Musicis Award. She is also a laureate of the 2024 ZF Music Award, the 66th Gian Battista Viotti International Music Competition, the 2017 Moscow International Piano Open Competition, the 2021 International Piano Competition Clamo Music, and the 2015 International Rosario Marciano Piano Competition.<\/p><p>Leem has performed as a soloist with orchestras such as the S\u00fcdwestdeutsche Philharmonie, the Symphony Orchestra of the University Mozarteum, the Bad Reichenhaller Philharmoniker, the Orchestra of the Musikalische Kom\u00f6die Leipzig, the Philharmonie Zabrze, Orchestra\u2019Sion Istanbul, Orchestra Giocoso Aix-en-Provence, and the Gunpo Prime Philharmonic Orchestra. She has collaborated with conductors including Ion Marin, Hankyeol Yoon, Matthias Foremny, Mariusz Smolij, Or\u00e7un Or\u00e7unsel, Alexander Dr\u010dar, S\u0142awomir Chrzanowski, and Jakyung Year.<\/p><p>Seonghyeon Leem holds an undergraduate degree with honors from Seoul National University, where she studied under Prof. Aviram Reichert. She earned her Master\u2019s and Postgraduate degrees with Prof. Jacques Rouvier at the Mozarteum University Salzburg, and completed her Meisterklassenexamen at the Hochschule f\u00fcr Musik und Theater Leipzig, studying under Prof. Christian A. Pohl, where she also served as his teaching assistant.<\/p><p>She considers herself a prot\u00e9g\u00e9 of Paul Gulda and Eunju Heo and has received guidance in masterclasses from renowned musicians including Paul Badura-Skoda, Menahem Pressler, Arie Vardi, Elisabeth Leonskaja, and Maxim Vengerov.<\/p><p>An active pedagogue, Seonghyeon Leem has given masterclasses in Toulouse and Hamburg and served as a jury member for the MaiFestival Competition. She was a faculty member at the Musica Mundi Festival in 2022 and 2023. Seonghyeon Leem is a member of the New Leipzig Chopin Society and a recipient of the 2023\/24 Elfrun Gabriel Stiftung Scholarship.<\/p><p>Since October 2025, she has been teaching piano at the Hochschule f\u00fcr Musik und Theater \u00bbFelix Mendelssohn Bartholdy\u00ab Leipzig.<\/p>\t\t\t\t\t\t\t\t<\/div>\n\t\t\t\t<\/div>\n\t\t\t\t\t<\/div>\n\t\t<\/div>\n\t\t\t\t\t<\/div>\n\t\t<\/section>\n\t\t\t\t<section class=\"elementor-section elementor-top-section elementor-element elementor-element-f850e66 elementor-section-boxed elementor-section-height-default elementor-section-height-default\" data-id=\"f850e66\" data-element_type=\"section\" data-e-type=\"section\" data-settings=\"{&quot;_ha_eqh_enable&quot;:false}\">\n\t\t\t\t\t\t<div class=\"elementor-container elementor-column-gap-no\">\n\t\t\t\t\t<div class=\"elementor-column elementor-col-100 elementor-top-column elementor-element elementor-element-cf5c72f\" data-id=\"cf5c72f\" data-element_type=\"column\" data-e-type=\"column\">\n\t\t\t<div class=\"elementor-widget-wrap\">\n\t\t\t\t\t\t\t<\/div>\n\t\t<\/div>\n\t\t\t\t\t<\/div>\n\t\t<\/section>\n\t\t\t\t<section class=\"elementor-section elementor-top-section elementor-element elementor-element-403415c elementor-section-boxed elementor-section-height-default elementor-section-height-default\" data-id=\"403415c\" data-element_type=\"section\" data-e-type=\"section\" data-settings=\"{&quot;_ha_eqh_enable&quot;:false}\">\n\t\t\t\t\t\t<div class=\"elementor-container elementor-column-gap-default\">\n\t\t\t\t\t<div class=\"elementor-column elementor-col-100 elementor-top-column elementor-element elementor-element-97bb8b6\" data-id=\"97bb8b6\" data-element_type=\"column\" data-e-type=\"column\">\n\t\t\t<div class=\"elementor-widget-wrap elementor-element-populated\">\n\t\t\t\t\t\t<div class=\"elementor-element elementor-element-02250b5 elementor-widget-divider--view-line elementor-widget elementor-widget-divider\" data-id=\"02250b5\" data-element_type=\"widget\" data-e-type=\"widget\" data-widget_type=\"divider.default\">\n\t\t\t\t<div class=\"elementor-widget-container\">\n\t\t\t\t\t\t\t<div class=\"elementor-divider\">\n\t\t\t<span class=\"elementor-divider-separator\">\n\t\t\t\t\t\t<\/span>\n\t\t<\/div>\n\t\t\t\t\t\t<\/div>\n\t\t\t\t<\/div>\n\t\t\t\t<div class=\"elementor-element elementor-element-9c7155c elementor-widget elementor-widget-heading\" data-id=\"9c7155c\" data-element_type=\"widget\" data-e-type=\"widget\" data-widget_type=\"heading.default\">\n\t\t\t\t<div class=\"elementor-widget-container\">\n\t\t\t\t\t<h1 class=\"elementor-heading-title elementor-size-default\"><a href=\"https:\/\/seonghyeonleem.com\/en\/\">Press<\/a><\/h1>\t\t\t\t<\/div>\n\t\t\t\t<\/div>\n\t\t\t\t<section class=\"elementor-section elementor-inner-section elementor-element elementor-element-c25ba9d elementor-section-boxed elementor-section-height-default elementor-section-height-default\" data-id=\"c25ba9d\" data-element_type=\"section\" data-e-type=\"section\" data-settings=\"{&quot;_ha_eqh_enable&quot;:false}\">\n\t\t\t\t\t\t<div class=\"elementor-container elementor-column-gap-extended\">\n\t\t\t\t\t<div class=\"elementor-column elementor-col-50 elementor-inner-column elementor-element elementor-element-f0197ce\" data-id=\"f0197ce\" data-element_type=\"column\" data-e-type=\"column\">\n\t\t\t<div class=\"elementor-widget-wrap elementor-element-populated\">\n\t\t\t\t\t\t<div class=\"elementor-element elementor-element-309cc8e elementor-widget elementor-widget-image\" data-id=\"309cc8e\" data-element_type=\"widget\" data-e-type=\"widget\" data-widget_type=\"image.default\">\n\t\t\t\t<div class=\"elementor-widget-container\">\n\t\t\t\t\t\t\t\t\t\t\t\t\t\t\t<img decoding=\"async\" src=\"https:\/\/seonghyeonleem.com\/wp-content\/uploads\/elementor\/thumbs\/bachtrack-rb3wvkgtpo0n9clcfax04fmqpvkpsyrs7kw48scnwg.png\" title=\"bachtrack\" alt=\"bachtrack\" loading=\"lazy\" \/>\t\t\t\t\t\t\t\t\t\t\t\t\t\t\t<\/div>\n\t\t\t\t<\/div>\n\t\t\t\t<div class=\"elementor-element elementor-element-07d43f7 elementor-widget elementor-widget-text-editor\" data-id=\"07d43f7\" data-element_type=\"widget\" data-e-type=\"widget\" data-widget_type=\"text-editor.default\">\n\t\t\t\t<div class=\"elementor-widget-container\">\n\t\t\t\t\t\t\t\t\t<p>Seong-Hyeon Leem, beau premier prix du Concours <br \/>International de Piano d&#8217;Istanbul<\/p>\t\t\t\t\t\t\t\t<\/div>\n\t\t\t\t<\/div>\n\t\t\t\t<div class=\"elementor-element elementor-element-9f3cc6e elementor-align-center elementor-absolute elementor-widget elementor-widget-button\" data-id=\"9f3cc6e\" data-element_type=\"widget\" data-e-type=\"widget\" data-settings=\"{&quot;_position&quot;:&quot;absolute&quot;}\" data-widget_type=\"button.default\">\n\t\t\t\t<div class=\"elementor-widget-container\">\n\t\t\t\t\t\t\t\t\t<div class=\"elementor-button-wrapper\">\n\t\t\t\t\t<a class=\"elementor-button elementor-button-link elementor-size-md\" href=\"https:\/\/bachtrack.com\/de_DE\/critique-leem-ishida-biryukov-finale-concours-international-piano-istanbul-orchestrasion-novembre-2022\" target=\"_blank\">\n\t\t\t\t\t\t<span class=\"elementor-button-content-wrapper\">\n\t\t\t\t\t\t\t\t\t<span class=\"elementor-button-text\">Read More (French)<\/span>\n\t\t\t\t\t<\/span>\n\t\t\t\t\t<\/a>\n\t\t\t\t<\/div>\n\t\t\t\t\t\t\t\t<\/div>\n\t\t\t\t<\/div>\n\t\t\t\t\t<\/div>\n\t\t<\/div>\n\t\t\t\t<div class=\"elementor-column elementor-col-50 elementor-inner-column elementor-element elementor-element-4f3f184\" data-id=\"4f3f184\" data-element_type=\"column\" data-e-type=\"column\">\n\t\t\t<div class=\"elementor-widget-wrap elementor-element-populated\">\n\t\t\t\t\t\t<div class=\"elementor-element elementor-element-eb405df elementor-widget elementor-widget-image\" data-id=\"eb405df\" data-element_type=\"widget\" data-e-type=\"widget\" data-widget_type=\"image.default\">\n\t\t\t\t<div class=\"elementor-widget-container\">\n\t\t\t\t\t\t\t\t\t\t\t\t\t\t\t<img decoding=\"async\" width=\"236\" height=\"54\" src=\"https:\/\/seonghyeonleem.com\/wp-content\/uploads\/2023\/06\/diapason-logo.png\" class=\"attachment-full size-full wp-image-1111\" alt=\"\" \/>\t\t\t\t\t\t\t\t\t\t\t\t\t\t\t<\/div>\n\t\t\t\t<\/div>\n\t\t\t\t<div class=\"elementor-element elementor-element-54afe5e elementor-widget elementor-widget-text-editor\" data-id=\"54afe5e\" data-element_type=\"widget\" data-e-type=\"widget\" data-widget_type=\"text-editor.default\">\n\t\t\t\t<div class=\"elementor-widget-container\">\n\t\t\t\t\t\t\t\t\t<p>Victoire cor\u00e9enne au Concours de piano d\u2019Istanbul<\/p>\t\t\t\t\t\t\t\t<\/div>\n\t\t\t\t<\/div>\n\t\t\t\t<div class=\"elementor-element elementor-element-7a267d2 elementor-align-center elementor-absolute elementor-widget elementor-widget-button\" data-id=\"7a267d2\" data-element_type=\"widget\" data-e-type=\"widget\" data-settings=\"{&quot;_position&quot;:&quot;absolute&quot;}\" data-widget_type=\"button.default\">\n\t\t\t\t<div class=\"elementor-widget-container\">\n\t\t\t\t\t\t\t\t\t<div class=\"elementor-button-wrapper\">\n\t\t\t\t\t<a class=\"elementor-button elementor-button-link elementor-size-md\" href=\"https:\/\/www.diapasonmag.fr\/critiques\/victoire-coreenne-au-concours-de-piano-distanbul-32004.html?fbclid=IwAR06x0YOYMwy6i955lc6ZDMfe3ztUw1dsJ9IsCeCs51KpNxr4SYaQhigP1I#item=1\" target=\"_blank\">\n\t\t\t\t\t\t<span class=\"elementor-button-content-wrapper\">\n\t\t\t\t\t\t\t\t\t<span class=\"elementor-button-text\">Read More (French)<\/span>\n\t\t\t\t\t<\/span>\n\t\t\t\t\t<\/a>\n\t\t\t\t<\/div>\n\t\t\t\t\t\t\t\t<\/div>\n\t\t\t\t<\/div>\n\t\t\t\t\t<\/div>\n\t\t<\/div>\n\t\t\t\t\t<\/div>\n\t\t<\/section>\n\t\t\t\t\t<\/div>\n\t\t<\/div>\n\t\t\t\t\t<\/div>\n\t\t<\/section>\n\t\t\t\t<\/div>\n\t\t","protected":false},"excerpt":{"rendered":"<p>\u00bbElegance, intelligence, and pianistic beauty.\u00ab bachtrack Biography Download Deutsch English French Korean Deutsch English Fran\u00e7ais \ud55c\uad6d\uc5b4 South Korean pianist Seonghyeon Leem is establishing a reputation as one of the most captivating musicians of her generation. She made her European debut at the Mozarthaus Konzertsaal in Vienna and has since performed at prestigious venues including the [&hellip;]<\/p>\n","protected":false},"author":2,"featured_media":0,"parent":0,"menu_order":10,"comment_status":"closed","ping_status":"closed","template":"","meta":{"footnotes":""},"class_list":["post-1157","page","type-page","status-publish","hentry"],"_links":{"self":[{"href":"https:\/\/seonghyeonleem.com\/en\/wp-json\/wp\/v2\/pages\/1157","targetHints":{"allow":["GET"]}}],"collection":[{"href":"https:\/\/seonghyeonleem.com\/en\/wp-json\/wp\/v2\/pages"}],"about":[{"href":"https:\/\/seonghyeonleem.com\/en\/wp-json\/wp\/v2\/types\/page"}],"author":[{"embeddable":true,"href":"https:\/\/seonghyeonleem.com\/en\/wp-json\/wp\/v2\/users\/2"}],"replies":[{"embeddable":true,"href":"https:\/\/seonghyeonleem.com\/en\/wp-json\/wp\/v2\/comments?post=1157"}],"version-history":[{"count":146,"href":"https:\/\/seonghyeonleem.com\/en\/wp-json\/wp\/v2\/pages\/1157\/revisions"}],"predecessor-version":[{"id":3304,"href":"https:\/\/seonghyeonleem.com\/en\/wp-json\/wp\/v2\/pages\/1157\/revisions\/3304"}],"wp:attachment":[{"href":"https:\/\/seonghyeonleem.com\/en\/wp-json\/wp\/v2\/media?parent=1157"}],"curies":[{"name":"wp","href":"https:\/\/api.w.org\/{rel}","templated":true}]}}